{"id":31,"date":"2017-09-12T22:01:36","date_gmt":"2017-09-12T19:01:36","guid":{"rendered":"http:\/\/www.guvenbey.com\/fr\/?page_id=31"},"modified":"2017-09-12T22:02:42","modified_gmt":"2017-09-12T19:02:42","slug":"hakkimizda","status":"publish","type":"page","link":"https:\/\/www.guvenbey.com\/fr\/hakkimizda\/","title":{"rendered":"Hakk\u0131m\u0131zda"},"content":{"rendered":"<h2>Hakk\u0131m\u0131zda<\/h2>\n<p><strong>V\u0130ZYONUMUZ<\/strong><\/p>\n<p><strong>G\u00dcVENBEY TUR\u0130ZM \u0130\u00c7 VE DI\u015e T\u0130CARET L\u0130M\u0130TED \u015e\u0130RKET\u0130<\/strong><\/p>\n<p>\u0130thalat-\u0130hracat, Turizm Dan\u0131\u015fmanl\u0131\u011f\u0131 hizmetleri ve Gayr\u0131menkul alanlar\u0131nda, m\u00fc\u015fterilerimizi, hedeflerine ula\u015fmas\u0131n\u0131 sa\u011flayarak, iyi niyet, kar\u015f\u0131l\u0131kl\u0131 kar anlay\u0131\u015f\u0131, etik ve yasal standartlar \u00e7er\u00e7evesinde y\u00fcr\u00fcterek turkiye\u2019de \u00f6rnek bir d\u00fcnya \u015firketi olmakt\u0131r.<\/p>\n<p>&nbsp;<\/p>\n<p><u><strong>M\u0130SYONUMUZ<\/strong><\/u><\/p>\n<p><strong>G\u00dcVENBEY TUR\u0130ZM \u0130\u00c7 VE DI\u015e T\u0130CARET L\u0130M\u0130TED \u015e\u0130RKET\u0130<\/strong>\u00a0olarak, sayg\u0131 ve i\u015fbirli\u011fi ile ba\u015far\u0131ya ula\u015fmakt\u0131r.<\/p>\n<p>\u0130hracaat\u2019ta lider olmak i\u00e7in olu\u015fturdu\u011fumuz hedeflerimizi ger\u00e7ekle\u015ftirerek, ba\u015far\u0131ya ula\u015fmakt\u0131r. S\u00fcrekli e\u011fitimi ve geli\u015fimi \u00f6nemseyen, ticaret dostlar\u0131m\u0131z i\u00e7in, \u00e7al\u0131\u015f\u0131p onlar\u0131 d\u00fc\u015f\u00fcnen, hedeflerine ula\u015fmas\u0131nda dan\u0131\u015fmanl\u0131k hizmeti vererek, yol arkada\u015f\u0131 olarak, en kaliteli \u00fcr\u00fcn\u00fc, en uygun fiata temin edip, \u00fcretim a\u015famas\u0131nda kalite kontrol ederek, sa\u011flam ve g\u00fczel \u015fekilde paketleme i\u015flemlerini tamamlayarak, ekip olarak \u00e7al\u0131\u015f\u0131p daha g\u00fc\u00e7l\u00fc ve koordine hizmet verebilmeyi ve sinerji yaratabilmeyi hedef edinerek, m\u00fc\u015fterilerimizin gereksinimlerine h\u0131zl\u0131 ve en optimal d\u00f6n\u00fc\u015fleri yapabilmek, taleplerine \u00e7\u00f6z\u00fcm \u00fcreterek performans-verimlilik-karl\u0131l\u0131k d\u00fczeylerini y\u00fckseltmek temel ilkemizdir.<\/p>\n<p>&nbsp;<\/p>\n<p><u><strong>HAKKIMIZDA<\/strong><\/u><\/p>\n<p>\u00dclkemizde \u00fcretim yapmaya devam eden sayg\u0131de\u011fer sanayicilerimizin \u00e7e\u015fitli sebeplerden dolay\u0131, ileti\u015fim, lisan eksikli\u011fi, zaman yetersizli\u011fi, tam donan\u0131ml\u0131 personel yetersizli\u011fi veya eksikli\u011fi v.b. yurtd\u0131\u015f\u0131 ba\u011flant\u0131lar\u0131nda \u00e7ektikleri zorluklar\u0131 ortadan kald\u0131r\u0131p, \u00fcr\u00fcnlerinizi en iyi pazarlayabilece\u011finiz yurtd\u0131\u015f\u0131 pazarlar\u0131 birlikte bulmak ve bu yabanc\u0131 firmalar ile aran\u0131zda temeli sa\u011flam bir k\u00f6pr\u00fc g\u00f6revi yaparak, veya yurtd\u0131\u015f\u0131ndan direkt yada dolayl\u0131 olarak alm\u0131\u015f oldu\u011funuz hammadde\/yar\u0131 mam\u00fcl veya mam\u00fclleri sizin i\u00e7in derinlemesine ara\u015ft\u0131rarak sat\u0131n al\u0131rken kazanman\u0131z\u0131 sa\u011flayarak d\u00fcnya ekonmisine faydal\u0131 olmakt\u0131r.<\/p>\n<p>&nbsp;<\/p>\n<p><u><strong>TEMEL DE\u011eERLER\u0130M\u0130Z<\/strong><\/u><\/p>\n<p>En b\u00fcy\u00fck de\u011ferin \u0130NSAN oldu\u011funa inanmak<\/p>\n<p>Etik de\u011ferlere ba\u011fl\u0131 kalmak<\/p>\n<p>Ekip \u00e7al\u0131\u015fmas\u0131na inanmak<\/p>\n<p>M\u00fc\u015fteri memnuniyetini esas almak<\/p>\n<p>Gelece\u011fin bug\u00fcnden g\u00f6r\u00fclmesi ve yarat\u0131lmas\u0131na katk\u0131da bulunmak<\/p>\n<p>Ya\u015fam\u0131n her safhas\u0131nda e\u011fitimin \u00f6nemi ve \u00f6nceli\u011fine inanmak<\/p>\n","protected":false},"excerpt":{"rendered":"<p>Hakk\u0131m\u0131zda V\u0130ZYONUMUZ G\u00dcVENBEY TUR\u0130ZM \u0130\u00c7 VE DI\u015e T\u0130CARET L\u0130M\u0130TED \u015e\u0130RKET\u0130 \u0130thalat-\u0130hracat, Turizm Dan\u0131\u015fmanl\u0131\u011f\u0131 hizmetleri ve Gayr\u0131menkul alanlar\u0131nda, m\u00fc\u015fterilerimizi, hedeflerine ula\u015fmas\u0131n\u0131 sa\u011flayarak, iyi niyet, kar\u015f\u0131l\u0131kl\u0131 kar anlay\u0131\u015f\u0131, etik ve yasal standartlar \u00e7er\u00e7evesinde y\u00fcr\u00fcterek turkiye\u2019de \u00f6rnek bir d\u00fcnya \u015firketi olmakt\u0131r. &nbsp; M\u0130SYONUMUZ G\u00dcVENBEY TUR\u0130ZM \u0130\u00c7 VE DI\u015e T\u0130CARET L\u0130M\u0130TED \u015e\u0130RKET\u0130\u00a0olarak, sayg\u0131 ve i\u015fbirli\u011fi ile ba\u015far\u0131ya ula\u015fmakt\u0131r. \u0130hracaat\u2019ta [&hellip;]<\/p>\n","protected":false},"author":1,"featured_media":29,"parent":0,"menu_order":0,"comment_status":"closed","ping_status":"closed","template":"","meta":[],"_links":{"self":[{"href":"https:\/\/www.guvenbey.com\/fr\/wp-json\/wp\/v2\/pages\/31"}],"collection":[{"href":"https:\/\/www.guvenbey.com\/fr\/wp-json\/wp\/v2\/pages"}],"about":[{"href":"https:\/\/www.guvenbey.com\/fr\/wp-json\/wp\/v2\/types\/page"}],"author":[{"embeddable":true,"href":"https:\/\/www.guvenbey.com\/fr\/wp-json\/wp\/v2\/users\/1"}],"replies":[{"embeddable":true,"href":"https:\/\/www.guvenbey.com\/fr\/wp-json\/wp\/v2\/comments?post=31"}],"version-history":[{"count":1,"href":"https:\/\/www.guvenbey.com\/fr\/wp-json\/wp\/v2\/pages\/31\/revisions"}],"predecessor-version":[{"id":32,"href":"https:\/\/www.guvenbey.com\/fr\/wp-json\/wp\/v2\/pages\/31\/revisions\/32"}],"wp:featuredmedia":[{"embeddable":true,"href":"https:\/\/www.guvenbey.com\/fr\/wp-json\/wp\/v2\/media\/29"}],"wp:attachment":[{"href":"https:\/\/www.guvenbey.com\/fr\/wp-json\/wp\/v2\/media?parent=31"}],"curies":[{"name":"wp","href":"https:\/\/api.w.org\/{rel}","templated":true}]}}